{"id":10560,"date":"2016-01-06T14:04:13","date_gmt":"2016-01-06T13:04:13","guid":{"rendered":"https:\/\/uniquepathways.ch\/contact\/"},"modified":"2022-10-02T11:18:58","modified_gmt":"2022-10-02T09:18:58","slug":"contact","status":"publish","type":"page","link":"https:\/\/uniquepathways.ch\/en\/contact\/","title":{"rendered":"Contact"},"content":{"rendered":"<p>[et_pb_section fb_built=&#8221;1&#8243; _builder_version=&#8221;4.17.4&#8243; _module_preset=&#8221;default&#8221; custom_margin=&#8221;-80px||||false|false&#8221; hover_enabled=&#8221;0&#8243; global_colors_info=&#8221;{}&#8221; theme_builder_area=&#8221;post_content&#8221; sticky_enabled=&#8221;0&#8243;][et_pb_row _builder_version=&#8221;4.17.4&#8243; _module_preset=&#8221;default&#8221; global_colors_info=&#8221;{}&#8221; theme_builder_area=&#8221;post_content&#8221;][et_pb_column type=&#8221;4_4&#8243; _builder_version=&#8221;4.17.4&#8243; _module_preset=&#8221;default&#8221; global_colors_info=&#8221;{}&#8221; theme_builder_area=&#8221;post_content&#8221;][revslider_divi revslider_divi=&#8221;%91rev_slider alias=%22slider contact%22 slidertitle=%22Slider Contact%22%93%91\/rev_slider%93&#8243; _builder_version=&#8221;4.17.4&#8243; _module_preset=&#8221;default&#8221; hover_enabled=&#8221;0&#8243; global_colors_info=&#8221;{}&#8221; theme_builder_area=&#8221;post_content&#8221; sticky_enabled=&#8221;0&#8243;][\/revslider_divi][\/et_pb_column][\/et_pb_row][\/et_pb_section][et_pb_section fb_built=&#8221;1&#8243; _builder_version=&#8221;4.16&#8243; _module_preset=&#8221;default&#8221; global_colors_info=&#8221;{}&#8221;][et_pb_row column_structure=&#8221;1_2,1_2&#8243; use_custom_gutter=&#8221;on&#8221; gutter_width=&#8221;2&#8243; _builder_version=&#8221;4.17.4&#8243; _module_preset=&#8221;default&#8221; custom_margin=&#8221;-1px|auto||auto||&#8221; custom_padding=&#8221;2px||2px||true|&#8221; global_colors_info=&#8221;{}&#8221;][et_pb_column type=&#8221;1_2&#8243; _builder_version=&#8221;4.16&#8243; _module_preset=&#8221;default&#8221; global_colors_info=&#8221;{}&#8221;][et_pb_accordion open_toggle_background_color=&#8221;rgba(0,0,0,0)&#8221; closed_toggle_background_color=&#8221;rgba(0,0,0,0)&#8221; icon_color=&#8221;rgba(0,0,0,0)&#8221; admin_label=&#8221;prendre contact avec Nathalie&#8221; _builder_version=&#8221;4.17.4&#8243; _module_preset=&#8221;default&#8221; toggle_text_color=&#8221;#008d8d&#8221; toggle_font_size=&#8221;21px&#8221; custom_margin=&#8221;||1px||false|false&#8221; border_width_all=&#8221;0px&#8221; global_colors_info=&#8221;{}&#8221;][et_pb_accordion_item title=&#8221;Contact Nathalie&#8221; open=&#8221;on&#8221; _builder_version=&#8221;4.17.4&#8243; _module_preset=&#8221;default&#8221; body_font_size=&#8221;16px&#8221; global_colors_info=&#8221;{}&#8221; toggle_font_size=&#8221;28px&#8221;]<\/p>\n<p>Thank you for your interest !<\/p>\n<ul>\n<li>You have a specific question related to your career path,<\/li>\n<li>You want to know more about the Coaching programmes and Workshops related to professional development, career management or Women&#8217;s Leadership,<\/li>\n<li>You would like to know the possibilities of intervention in companies in the field of Personal Branding and Leadership,<\/li>\n<\/ul>\n<p>Please fill in the form and I will contact you within 48 hours.<\/p>\n<p>I look forward to meeting you.<\/p>\n<p>[\/et_pb_accordion_item][\/et_pb_accordion][et_pb_accordion open_toggle_background_color=&#8221;rgba(0,0,0,0)&#8221; closed_toggle_background_color=&#8221;rgba(0,0,0,0)&#8221; icon_color=&#8221;rgba(0,0,0,0)&#8221; admin_label=&#8221;Nathalie&#8221; _builder_version=&#8221;4.17.4&#8243; _module_preset=&#8221;default&#8221; toggle_text_color=&#8221;#008d8d&#8221; toggle_font_size=&#8221;21px&#8221; custom_margin=&#8221;||||false|false&#8221; border_width_all=&#8221;0px&#8221; global_colors_info=&#8221;{}&#8221;][et_pb_accordion_item title=&#8221;Nathalie&#8221; open=&#8221;on&#8221; _builder_version=&#8221;4.17.4&#8243; _module_preset=&#8221;default&#8221; body_font_size=&#8221;15px&#8221; global_colors_info=&#8221;{}&#8221; toggle_font=&#8221;Bad Script||||||||&#8221; toggle_font_size=&#8221;28px&#8221;][\/et_pb_accordion_item][\/et_pb_accordion][\/et_pb_column][et_pb_column type=&#8221;1_2&#8243; _builder_version=&#8221;4.16&#8243; _module_preset=&#8221;default&#8221; global_colors_info=&#8221;{}&#8221;][et_pb_contact_form email=&#8221;nba@uniquepathways.ch&#8221; custom_message=&#8221;Mes coordonn\u00e9es :||et_pb_line_break_holder||Pr\u00e9nom : %%Firstname%%||et_pb_line_break_holder||Nom : %%Name%%||et_pb_line_break_holder||T\u00e9l\u00e9phone : %%Phone%%||et_pb_line_break_holder||E-mail : %%Email%%||et_pb_line_break_holder||Adresse : %%Address%%||et_pb_line_break_holder||NPA : %%Zip%%||et_pb_line_break_holder||Lieu : %%Field_9%%||et_pb_line_break_holder||||et_pb_line_break_holder||Message :||et_pb_line_break_holder||%%Message%%||et_pb_line_break_holder||||et_pb_line_break_holder||Cet email a \u00e9t\u00e9 envoy\u00e9 via le formulaire de contact Inscription Atelier de Unique Pathways (https:\/\/uniquepathways.ch)||et_pb_line_break_holder||&#8221; success_message=&#8221;Thank you for your interest, your request has been sent !&#8221; submit_button_text=&#8221;Send&#8221; disabled_on=&#8221;off|off|off&#8221; _builder_version=&#8221;4.17.4&#8243; _module_preset=&#8221;default&#8221; _unique_id=&#8221;88e6136b-9b93-44d5-ad45-ec980629ac12&#8243; form_field_background_color=&#8221;#FFFFFF&#8221; form_field_text_color=&#8221;rgba(121,171,170,0.78)&#8221; form_field_focus_background_color=&#8221;#FFFFFF&#8221; form_field_focus_text_color=&#8221;#026878&#8243; title_text_align=&#8221;left&#8221; title_text_color=&#8221;#444444&#8243; title_font_size=&#8221;24px&#8221; title_line_height=&#8221;1.5em&#8221; captcha_text_color=&#8221;#f1715a&#8221; captcha_font_size=&#8221;15px&#8221; form_field_font=&#8221;||||||||&#8221; custom_button=&#8221;on&#8221; button_text_size=&#8221;16px&#8221; button_text_color=&#8221;#f1715a&#8221; button_bg_color=&#8221;rgba(241,113,90,0.27)&#8221; button_border_radius=&#8221;12px&#8221; button_use_icon=&#8221;off&#8221; button_custom_margin=&#8221;|10px||10px|false|false&#8221; button_custom_padding=&#8221;8px|22px|7px|24px|false|false&#8221; text_orientation=&#8221;left&#8221; custom_padding=&#8221;1px|||17px||&#8221; box_shadow_style=&#8221;preset3&#8243; global_colors_info=&#8221;{}&#8221;][et_pb_contact_field field_id=&#8221;Firstname&#8221; field_title=&#8221;*Pr\u00e9nom&#8221; _builder_version=&#8221;4.17.4&#8243; form_field_background_color=&#8221;#FFFFFF&#8221; form_field_text_color=&#8221;#79abaa&#8221; background_color=&#8221;RGBA(255,255,255,0)&#8221; background_enable_color=&#8221;on&#8221; border_width_left=&#8221;3px&#8221; border_color_left=&#8221;#6CA8A8&#8243; global_colors_info=&#8221;{}&#8221; button_text_size__hover_enabled=&#8221;off&#8221; button_one_text_size__hover_enabled=&#8221;off&#8221; button_two_text_size__hover_enabled=&#8221;off&#8221; button_text_color__hover_enabled=&#8221;off&#8221; button_one_text_color__hover_enabled=&#8221;off&#8221; button_two_text_color__hover_enabled=&#8221;off&#8221; button_border_width__hover_enabled=&#8221;off&#8221; button_one_border_width__hover_enabled=&#8221;off&#8221; button_two_border_width__hover_enabled=&#8221;off&#8221; button_border_color__hover_enabled=&#8221;off&#8221; button_one_border_color__hover_enabled=&#8221;off&#8221; button_two_border_color__hover_enabled=&#8221;off&#8221; button_border_radius__hover_enabled=&#8221;off&#8221; button_one_border_radius__hover_enabled=&#8221;off&#8221; button_two_border_radius__hover_enabled=&#8221;off&#8221; button_letter_spacing__hover_enabled=&#8221;off&#8221; button_one_letter_spacing__hover_enabled=&#8221;off&#8221; button_two_letter_spacing__hover_enabled=&#8221;off&#8221; button_bg_color__hover_enabled=&#8221;off&#8221; button_one_bg_color__hover_enabled=&#8221;off&#8221; button_two_bg_color__hover_enabled=&#8221;off&#8221;][\/et_pb_contact_field][et_pb_contact_field field_id=&#8221;Name&#8221; field_title=&#8221;*Nom&#8221; _builder_version=&#8221;4.17.4&#8243; _module_preset=&#8221;default&#8221; form_field_text_color=&#8221;rgba(121,171,170,0.8)&#8221; background_color=&#8221;RGBA(255,255,255,0)&#8221; background_enable_color=&#8221;on&#8221; border_width_left=&#8221;3px&#8221; border_color_left=&#8221;#6CA8A8&#8243; global_colors_info=&#8221;{}&#8221;][\/et_pb_contact_field][et_pb_contact_field field_id=&#8221;Phone&#8221; field_title=&#8221;*Mobile&#8221; allowed_symbols=&#8221;numbers&#8221; _builder_version=&#8221;4.17.4&#8243; _module_preset=&#8221;default&#8221; form_field_text_color=&#8221;#6CA8A8&#8243; background_color=&#8221;RGBA(255,255,255,0)&#8221; background_enable_color=&#8221;on&#8221; border_width_left=&#8221;3px&#8221; border_color_left=&#8221;#6CA8A8&#8243; global_colors_info=&#8221;{}&#8221;][\/et_pb_contact_field][et_pb_contact_field field_id=&#8221;Email&#8221; field_title=&#8221;*E-mail&#8221; field_type=&#8221;email&#8221; _builder_version=&#8221;4.17.4&#8243; form_field_text_color=&#8221;#6CA8A8&#8243; form_field_focus_text_color=&#8221;rgba(121,171,170,0.71)&#8221; background_color=&#8221;RGBA(255,255,255,0)&#8221; background_enable_color=&#8221;on&#8221; border_width_left=&#8221;3px&#8221; border_color_left=&#8221;#6CA8A8&#8243; global_colors_info=&#8221;{}&#8221; button_text_size__hover_enabled=&#8221;off&#8221; button_one_text_size__hover_enabled=&#8221;off&#8221; button_two_text_size__hover_enabled=&#8221;off&#8221; button_text_color__hover_enabled=&#8221;off&#8221; button_one_text_color__hover_enabled=&#8221;off&#8221; button_two_text_color__hover_enabled=&#8221;off&#8221; button_border_width__hover_enabled=&#8221;off&#8221; button_one_border_width__hover_enabled=&#8221;off&#8221; button_two_border_width__hover_enabled=&#8221;off&#8221; button_border_color__hover_enabled=&#8221;off&#8221; button_one_border_color__hover_enabled=&#8221;off&#8221; button_two_border_color__hover_enabled=&#8221;off&#8221; button_border_radius__hover_enabled=&#8221;off&#8221; button_one_border_radius__hover_enabled=&#8221;off&#8221; button_two_border_radius__hover_enabled=&#8221;off&#8221; button_letter_spacing__hover_enabled=&#8221;off&#8221; button_one_letter_spacing__hover_enabled=&#8221;off&#8221; button_two_letter_spacing__hover_enabled=&#8221;off&#8221; button_bg_color__hover_enabled=&#8221;off&#8221; button_one_bg_color__hover_enabled=&#8221;off&#8221; button_two_bg_color__hover_enabled=&#8221;off&#8221;][\/et_pb_contact_field][et_pb_contact_field field_id=&#8221;Address&#8221; field_title=&#8221;*Adresse&#8221; fullwidth_field=&#8221;on&#8221; _builder_version=&#8221;4.17.4&#8243; _module_preset=&#8221;default&#8221; background_color=&#8221;RGBA(255,255,255,0)&#8221; background_enable_color=&#8221;on&#8221; border_width_left=&#8221;3px&#8221; border_color_left=&#8221;#6CA8A8&#8243; global_colors_info=&#8221;{}&#8221;][\/et_pb_contact_field][et_pb_contact_field field_id=&#8221;Zip&#8221; field_title=&#8221;*NPA&#8221; allowed_symbols=&#8221;numbers&#8221; _builder_version=&#8221;4.17.4&#8243; _module_preset=&#8221;default&#8221; background_color=&#8221;RGBA(255,255,255,0)&#8221; background_enable_color=&#8221;on&#8221; border_width_left=&#8221;3px&#8221; border_color_left=&#8221;#6CA8A8&#8243; global_colors_info=&#8221;{}&#8221;][\/et_pb_contact_field][et_pb_contact_field field_id=&#8221;Field_9&#8243; field_title=&#8221;*Lieu&#8221; _builder_version=&#8221;4.17.4&#8243; _module_preset=&#8221;default&#8221; background_color=&#8221;RGBA(255,255,255,0)&#8221; background_enable_color=&#8221;on&#8221; border_width_left=&#8221;3px&#8221; border_color_left=&#8221;#6CA8A8&#8243; global_colors_info=&#8221;{}&#8221;][\/et_pb_contact_field][et_pb_contact_field field_id=&#8221;Message&#8221; field_title=&#8221;*Message, your current situation, your interest&#8230;&#8221; field_type=&#8221;text&#8221; fullwidth_field=&#8221;on&#8221; _builder_version=&#8221;4.17.4&#8243; background_color=&#8221;RGBA(255,255,255,0)&#8221; background_enable_color=&#8221;on&#8221; border_width_left=&#8221;3px&#8221; border_color_left=&#8221;#6CA8A8&#8243; global_colors_info=&#8221;{}&#8221; button_text_size__hover_enabled=&#8221;off&#8221; button_one_text_size__hover_enabled=&#8221;off&#8221; button_two_text_size__hover_enabled=&#8221;off&#8221; button_text_color__hover_enabled=&#8221;off&#8221; button_one_text_color__hover_enabled=&#8221;off&#8221; button_two_text_color__hover_enabled=&#8221;off&#8221; button_border_width__hover_enabled=&#8221;off&#8221; button_one_border_width__hover_enabled=&#8221;off&#8221; button_two_border_width__hover_enabled=&#8221;off&#8221; button_border_color__hover_enabled=&#8221;off&#8221; button_one_border_color__hover_enabled=&#8221;off&#8221; button_two_border_color__hover_enabled=&#8221;off&#8221; button_border_radius__hover_enabled=&#8221;off&#8221; button_one_border_radius__hover_enabled=&#8221;off&#8221; button_two_border_radius__hover_enabled=&#8221;off&#8221; button_letter_spacing__hover_enabled=&#8221;off&#8221; button_one_letter_spacing__hover_enabled=&#8221;off&#8221; button_two_letter_spacing__hover_enabled=&#8221;off&#8221; button_bg_color__hover_enabled=&#8221;off&#8221; button_one_bg_color__hover_enabled=&#8221;off&#8221; button_two_bg_color__hover_enabled=&#8221;off&#8221;][\/et_pb_contact_field][et_pb_contact_field field_id=&#8221;rgpd&#8221; field_title=&#8221;Privacy&#8221; field_type=&#8221;checkbox&#8221; checkbox_options=&#8221;%91{%22value%22:%22By submitting this form, I agree that my information will be used solely for the purposes of my request and the ethical and personalised commercial relationship that may result from it. %22,%22checked%22:0,%22dragID%22:-1,%22link_url%22:%22https:\\\/\\\/uniquepathways.ch\\\/politique-de-confidentialite\\\/%22,%22link_text%22:%22%22}%93&#8243; fullwidth_field=&#8221;on&#8221; _builder_version=&#8221;4.16&#8243; _module_preset=&#8221;default&#8221; form_field_background_color=&#8221;#FFFFFF&#8221; form_field_text_color=&#8221;#6b6b6b&#8221; border_radii=&#8221;on|2px|2px|2px|2px&#8221; border_width_all=&#8221;2px&#8221; border_color_all=&#8221;#f1715a&#8221; global_colors_info=&#8221;{}&#8221;][\/et_pb_contact_field][\/et_pb_contact_form][\/et_pb_column][\/et_pb_row][\/et_pb_section]<\/p>\n","protected":false},"excerpt":{"rendered":"<p><div class=\"et_pb_module revslider_divi revslider_divi_0\">\n\t\t\t\t\n\t\t\t\t\n\t\t\t\t\n\t\t\t\t\n\t\t\t\t\n\t\t\t\t\n\t\t\t\t<div class=\"et_pb_module_inner\">\n\t\t\t\t\t\n\t\t\t\t<p class=\"rs-p-wp-fix\"><\/p>\n\t\t\t\t<sr7-module data-alias=\"slider contact\" data-id=\"2\" id=\"SR7_2_1\" class=\"rs-ov-hidden\" data-version=\"6.7.52\">\n\t\t\t\t\t<sr7-adjuster><\/sr7-adjuster>\n\t\t\t\t\t<sr7-content>\n\t\t\t\t\t\t<sr7-slide id=\"SR7_2_1-4\" data-key=\"4\">\n\t\t\t\t\t\t\t<sr7-bg id=\"SR7_2_1-4-3\" class=\"sr7-layer\"><noscript><img decoding=\"async\" src=\"https:\/\/uniquepathways.ch\/wp-content\/uploads\/2016\/02\/contact-rdv-unique-patways-3.jpg\" alt=\"\" title=\"contact-rdv-unique-patways-3\"><\/noscript><\/sr7-bg>\n\t\t\t\t\t\t\t<sr7-txt id=\"SR7_2_1-4-2\" class=\"sr7-layer\">Let's meet<\/sr7-txt>\n\t\t\t\t\t\t<\/sr7-slide>\n\t\t\t\t\t<\/sr7-content>\n\t\t\t\t\t<image_lists style=\"display:none\">\n\t\t\t\t\t\t<img data-src=\"\/\/uniquepathways.ch\/wp-content\/uploads\/2016\/02\/contact-rdv-unique-patways-3.jpg\" width=\"0\" height=\"0\" data-dbsrc=\"Ly91bmlxdWVwYXRod2F5cy5jaC93cC1jb250ZW50L3VwbG9hZHMvMjAxNi8wMi9jb250YWN0LXJkdi11bmlxdWUtcGF0d2F5cy0zLmpwZw==\"\/>\n\t\t\t\t\t<\/image_lists>\n\t\t\t\t<\/sr7-module>\n\t\t\t\t<script data-jetpack-boost=\"ignore\" data-jetpack-boost=\"ignore\">\n\t\t\t\t\twindow.SR7 ??={};SR7.PMH ??={}; SR7.PMH[\"SR7_2_1\"] = {cn:100,state:false,fn: function() { if (window._tpt!==undefined && window._tpt.prepareModuleHeight !== undefined) {  _tpt.prepareModuleHeight({id:\"SR7_2_1\",type:'standard',shdw:'0',gh:[550,550,454,345,213],gw:[1240,1240,1024,778,480],vpt:['-200px'],size:{fullWidth:true, fullHeight:false},mh:'0',onh:0,onw:0,bg:{color:'{\"orig\":\"transparent\",\"type\":\"solid\",\"string\":\"transparent\"}'},plType:'-1',plColor:'#FFFFFF'});   SR7.PMH[\"SR7_2_1\"].state=true;} else if(SR7.PMH[\"SR7_2_1\"].cn-->0)\tsetTimeout( SR7.PMH[\"SR7_2_1\"].fn,19);}};SR7.PMH[\"SR7_2_1\" ].fn();\n\t\t\t\t<\/script>\n\n\t\t\t\t<\/div>\n\t\t\t<\/div>Thank you for your interest ! You have a specific question related to your career path, You want to know more about the Coaching programmes and Workshops related to professional development, career management or Women&#8217;s Leadership, You would like to know the possibilities of [&hellip;]<\/p>\n","protected":false},"author":1,"featured_media":0,"parent":0,"menu_order":6,"comment_status":"closed","ping_status":"closed","template":"","meta":{"_et_pb_use_builder":"on","_et_pb_old_content":"","_et_gb_content_width":"","footnotes":""},"class_list":["post-10560","page","type-page","status-publish","hentry"],"yoast_head":"<!-- This site is optimized with the Yoast SEO plugin v27.5 - https:\/\/yoast.com\/product\/yoast-seo-wordpress\/ -->\n<title>Contact - Unique Pathways - Career Leadership Coaching<\/title>\n<meta name=\"description\" content=\"You would like to know more about coaching programmes related to professional development, career management or women&#039;s leadership. You would like to know the possibilities of intervention in companies in the field of personal branding and leadership.\" \/>\n<meta name=\"robots\" content=\"index, follow, max-snippet:-1, max-image-preview:large, max-video-preview:-1\" \/>\n<link rel=\"canonical\" href=\"https:\/\/uniquepathways.ch\/en\/contact\/\" \/>\n<meta property=\"og:locale\" content=\"en_US\" \/>\n<meta property=\"og:type\" content=\"article\" \/>\n<meta property=\"og:title\" content=\"Contact - Unique Pathways - Career Leadership Coaching\" \/>\n<meta property=\"og:description\" content=\"You would like to know more about coaching programmes related to professional development, career management or women&#039;s leadership. You would like to know the possibilities of intervention in companies in the field of personal branding and leadership.\" \/>\n<meta property=\"og:url\" content=\"https:\/\/uniquepathways.ch\/en\/contact\/\" \/>\n<meta property=\"og:site_name\" content=\"Unique Pathways - Career Leadership Coaching\" \/>\n<meta property=\"article:modified_time\" content=\"2022-10-02T09:18:58+00:00\" \/>\n<meta name=\"twitter:card\" content=\"summary_large_image\" \/>\n<meta name=\"twitter:label1\" content=\"Est. reading time\" \/>\n\t<meta name=\"twitter:data1\" content=\"8 minutes\" \/>\n<script type=\"application\/ld+json\" class=\"yoast-schema-graph\">{\"@context\":\"https:\\\/\\\/schema.org\",\"@graph\":[{\"@type\":\"WebPage\",\"@id\":\"https:\\\/\\\/uniquepathways.ch\\\/en\\\/contact\\\/\",\"url\":\"https:\\\/\\\/uniquepathways.ch\\\/en\\\/contact\\\/\",\"name\":\"Contact - Unique Pathways - Career Leadership Coaching\",\"isPartOf\":{\"@id\":\"https:\\\/\\\/uniquepathways.ch\\\/en\\\/#website\"},\"datePublished\":\"2016-01-06T13:04:13+00:00\",\"dateModified\":\"2022-10-02T09:18:58+00:00\",\"description\":\"You would like to know more about coaching programmes related to professional development, career management or women's leadership. You would like to know the possibilities of intervention in companies in the field of personal branding and leadership.\",\"breadcrumb\":{\"@id\":\"https:\\\/\\\/uniquepathways.ch\\\/en\\\/contact\\\/#breadcrumb\"},\"inLanguage\":\"en-US\",\"potentialAction\":[{\"@type\":\"ReadAction\",\"target\":[\"https:\\\/\\\/uniquepathways.ch\\\/en\\\/contact\\\/\"]}]},{\"@type\":\"BreadcrumbList\",\"@id\":\"https:\\\/\\\/uniquepathways.ch\\\/en\\\/contact\\\/#breadcrumb\",\"itemListElement\":[{\"@type\":\"ListItem\",\"position\":1,\"name\":\"Accueil\",\"item\":\"https:\\\/\\\/uniquepathways.ch\\\/en\\\/home\\\/\"},{\"@type\":\"ListItem\",\"position\":2,\"name\":\"Contact\"}]},{\"@type\":\"WebSite\",\"@id\":\"https:\\\/\\\/uniquepathways.ch\\\/en\\\/#website\",\"url\":\"https:\\\/\\\/uniquepathways.ch\\\/en\\\/\",\"name\":\"Unique Pathways - Career Leadership Coaching\",\"description\":\"\",\"potentialAction\":[{\"@type\":\"SearchAction\",\"target\":{\"@type\":\"EntryPoint\",\"urlTemplate\":\"https:\\\/\\\/uniquepathways.ch\\\/en\\\/?s={search_term_string}\"},\"query-input\":{\"@type\":\"PropertyValueSpecification\",\"valueRequired\":true,\"valueName\":\"search_term_string\"}}],\"inLanguage\":\"en-US\"}]}<\/script>\n<!-- \/ Yoast SEO plugin. -->","yoast_head_json":{"title":"Contact - Unique Pathways - Career Leadership Coaching","description":"You would like to know more about coaching programmes related to professional development, career management or women's leadership. You would like to know the possibilities of intervention in companies in the field of personal branding and leadership.","robots":{"index":"index","follow":"follow","max-snippet":"max-snippet:-1","max-image-preview":"max-image-preview:large","max-video-preview":"max-video-preview:-1"},"canonical":"https:\/\/uniquepathways.ch\/en\/contact\/","og_locale":"en_US","og_type":"article","og_title":"Contact - Unique Pathways - Career Leadership Coaching","og_description":"You would like to know more about coaching programmes related to professional development, career management or women's leadership. You would like to know the possibilities of intervention in companies in the field of personal branding and leadership.","og_url":"https:\/\/uniquepathways.ch\/en\/contact\/","og_site_name":"Unique Pathways - Career Leadership Coaching","article_modified_time":"2022-10-02T09:18:58+00:00","twitter_card":"summary_large_image","twitter_misc":{"Est. reading time":"8 minutes"},"schema":{"@context":"https:\/\/schema.org","@graph":[{"@type":"WebPage","@id":"https:\/\/uniquepathways.ch\/en\/contact\/","url":"https:\/\/uniquepathways.ch\/en\/contact\/","name":"Contact - Unique Pathways - Career Leadership Coaching","isPartOf":{"@id":"https:\/\/uniquepathways.ch\/en\/#website"},"datePublished":"2016-01-06T13:04:13+00:00","dateModified":"2022-10-02T09:18:58+00:00","description":"You would like to know more about coaching programmes related to professional development, career management or women's leadership. You would like to know the possibilities of intervention in companies in the field of personal branding and leadership.","breadcrumb":{"@id":"https:\/\/uniquepathways.ch\/en\/contact\/#breadcrumb"},"inLanguage":"en-US","potentialAction":[{"@type":"ReadAction","target":["https:\/\/uniquepathways.ch\/en\/contact\/"]}]},{"@type":"BreadcrumbList","@id":"https:\/\/uniquepathways.ch\/en\/contact\/#breadcrumb","itemListElement":[{"@type":"ListItem","position":1,"name":"Accueil","item":"https:\/\/uniquepathways.ch\/en\/home\/"},{"@type":"ListItem","position":2,"name":"Contact"}]},{"@type":"WebSite","@id":"https:\/\/uniquepathways.ch\/en\/#website","url":"https:\/\/uniquepathways.ch\/en\/","name":"Unique Pathways - Career Leadership Coaching","description":"","potentialAction":[{"@type":"SearchAction","target":{"@type":"EntryPoint","urlTemplate":"https:\/\/uniquepathways.ch\/en\/?s={search_term_string}"},"query-input":{"@type":"PropertyValueSpecification","valueRequired":true,"valueName":"search_term_string"}}],"inLanguage":"en-US"}]}},"_links":{"self":[{"href":"https:\/\/uniquepathways.ch\/en\/wp-json\/wp\/v2\/pages\/10560","targetHints":{"allow":["GET"]}}],"collection":[{"href":"https:\/\/uniquepathways.ch\/en\/wp-json\/wp\/v2\/pages"}],"about":[{"href":"https:\/\/uniquepathways.ch\/en\/wp-json\/wp\/v2\/types\/page"}],"author":[{"embeddable":true,"href":"https:\/\/uniquepathways.ch\/en\/wp-json\/wp\/v2\/users\/1"}],"replies":[{"embeddable":true,"href":"https:\/\/uniquepathways.ch\/en\/wp-json\/wp\/v2\/comments?post=10560"}],"version-history":[{"count":0,"href":"https:\/\/uniquepathways.ch\/en\/wp-json\/wp\/v2\/pages\/10560\/revisions"}],"wp:attachment":[{"href":"https:\/\/uniquepathways.ch\/en\/wp-json\/wp\/v2\/media?parent=10560"}],"curies":[{"name":"wp","href":"https:\/\/api.w.org\/{rel}","templated":true}]}}